{"id":257,"date":"2021-11-08T15:29:05","date_gmt":"2021-11-08T15:29:05","guid":{"rendered":"https:\/\/hochzeitsreden-bodensee.com\/?page_id=257"},"modified":"2021-11-10T13:00:43","modified_gmt":"2021-11-10T13:00:43","slug":"trauung3","status":"publish","type":"page","link":"https:\/\/hochzeitsreden-bodensee.com\/?page_id=257","title":{"rendered":"Eure Trauung \u201eSpezial\u201c"},"content":{"rendered":"<p>[et_pb_section fb_built=&#8220;1&#8243; fullwidth=&#8220;on&#8220; admin_label=&#8220;Header&#8220; _builder_version=&#8220;3.22&#8243; custom_padding=&#8220;0px|0|0px|0px|false|false&#8220; top_divider_style=&#8220;arrow3&#8243; top_divider_color=&#8220;rgba(255,255,255,0.3)&#8220; top_divider_height=&#8220;100%&#8220; top_divider_repeat=&#8220;2x&#8220; bottom_divider_color=&#8220;rgba(255,255,255,0.33)&#8220; bottom_divider_height=&#8220;500px&#8220; global_colors_info=&#8220;{}&#8220;][et_pb_fullwidth_header title=&#8220;Eure Trauung&#8220; subhead=&#8220;%22Spezial%22&#8243; text_orientation=&#8220;center&#8220; content_max_width=&#8220;70%&#8220; content_max_width_tablet=&#8220;100%&#8220; content_max_width_phone=&#8220;&#8220; content_max_width_last_edited=&#8220;on|phone&#8220; _builder_version=&#8220;4.13.0&#8243; title_font=&#8220;Cormorant Garamond|500|||||||&#8220; title_font_size=&#8220;5vw&#8220; title_line_height=&#8220;1.5em&#8220; content_font=&#8220;||||||||&#8220; subhead_font=&#8220;Poppins|700||on|||||&#8220; subhead_font_size=&#8220;16px&#8220; subhead_letter_spacing=&#8220;15px&#8220; subhead_line_height=&#8220;2em&#8220; background_color=&#8220;#A6CABE&#8220; background_enable_image=&#8220;off&#8220; parallax=&#8220;on&#8220; parallax_method=&#8220;on&#8220; custom_button_one=&#8220;on&#8220; button_one_text_size=&#8220;14px&#8220; button_one_text_color=&#8220;#000000&#8243; button_one_bg_color=&#8220;#ffffff&#8220; button_one_border_width=&#8220;14px&#8220; button_one_border_color=&#8220;#ffffff&#8220; button_one_border_radius=&#8220;0px&#8220; button_one_letter_spacing=&#8220;4px&#8220; button_one_font=&#8220;Poppins|500||on|||||&#8220; background_layout=&#8220;light&#8220; custom_margin=&#8220;||||false&#8220; custom_padding=&#8220;10vw||10vw||true&#8220; title_font_size_tablet=&#8220;40px&#8220; title_font_size_phone=&#8220;&#8220; title_font_size_last_edited=&#8220;on|desktop&#8220; subhead_font_size_tablet=&#8220;40px&#8220; subhead_font_size_last_edited=&#8220;off|desktop&#8220; subhead_letter_spacing_tablet=&#8220;&#8220; subhead_letter_spacing_phone=&#8220;0px&#8220; subhead_letter_spacing_last_edited=&#8220;on|phone&#8220; button_one_border_color_hover=&#8220;#ecd5c5&#8243; button_one_border_radius_hover=&#8220;0px&#8220; button_one_letter_spacing_hover=&#8220;4px&#8220; button_one_bg_color_hover=&#8220;#ecd5c5&#8243; global_colors_info=&#8220;{}&#8220; button_one_text_size__hover_enabled=&#8220;off&#8220; button_two_text_size__hover_enabled=&#8220;off&#8220; button_one_text_color__hover_enabled=&#8220;off&#8220; button_two_text_color__hover_enabled=&#8220;off&#8220; button_one_border_width__hover_enabled=&#8220;off&#8220; button_two_border_width__hover_enabled=&#8220;off&#8220; button_one_border_color__hover_enabled=&#8220;on&#8220; button_one_border_color__hover=&#8220;#ecd5c5&#8243; button_two_border_color__hover_enabled=&#8220;off&#8220; button_one_border_radius__hover_enabled=&#8220;on&#8220; button_one_border_radius__hover=&#8220;0px&#8220; button_two_border_radius__hover_enabled=&#8220;off&#8220; button_one_letter_spacing__hover_enabled=&#8220;on&#8220; button_one_letter_spacing__hover=&#8220;4px&#8220; button_two_letter_spacing__hover_enabled=&#8220;off&#8220; button_one_bg_color__hover_enabled=&#8220;on&#8220; button_one_bg_color__hover=&#8220;#ecd5c5&#8243; button_two_bg_color__hover_enabled=&#8220;off&#8220;][\/et_pb_fullwidth_header][\/et_pb_section][et_pb_section fb_built=&#8220;1&#8243; admin_label=&#8220;About Us&#8220; _builder_version=&#8220;3.22&#8243; custom_padding=&#8220;100px|0px|100px|0px|true|false&#8220; locked=&#8220;off&#8220; global_colors_info=&#8220;{}&#8220;][et_pb_row _builder_version=&#8220;4.13.0&#8243; _module_preset=&#8220;default&#8220; hover_enabled=&#8220;0&#8243; global_colors_info=&#8220;{}&#8220; sticky_enabled=&#8220;0&#8243;][et_pb_column type=&#8220;4_4&#8243; _builder_version=&#8220;4.13.0&#8243; _module_preset=&#8220;default&#8220; global_colors_info=&#8220;{}&#8220;][et_pb_accordion _builder_version=&#8220;4.13.0&#8243; _module_preset=&#8220;default&#8220; hover_enabled=&#8220;0&#8243; global_colors_info=&#8220;{}&#8220; sticky_enabled=&#8220;0&#8243;][et_pb_accordion_item title=&#8220;Eure Trauung \u201eSpezial\u201c &#8220; _builder_version=&#8220;4.13.0&#8243; _module_preset=&#8220;default&#8220; global_colors_info=&#8220;{}&#8220; open=&#8220;on&#8220;]<\/p>\n<p>Beinhaltet alle Leistungen der \u201eUnvergesslichen\u201c sowie eure individuellen Vorstellungen.<\/p>\n<p>Lasst uns dar\u00fcber reden und ich erstelle ein unverbindliches Angebot.<\/p>\n<p>[\/et_pb_accordion_item][et_pb_accordion_item title=&#8220;Eure Trauung \u201eklein aber fein\u201c&#8220; open=&#8220;off&#8220; _builder_version=&#8220;4.13.0&#8243; _module_preset=&#8220;default&#8220; global_colors_info=&#8220;{}&#8220;]<\/p>\n<ul>\n<li>Unverbindliches Kennenlernen in Konstanz oder via Skype\/Zoom.<\/li>\n<li>Ein Gespr\u00e4ch, in denen ihr von euch, eurer Liebe und euren Zielen erz\u00e4hlt. Und nat\u00fcrlich besprechen wir ausf\u00fchrlich die Trauzeremonie.<\/li>\n<li>Inspiration und Anregungen f\u00fcr euer Eheversprechen und gesamten Ablauf.<\/li>\n<li>Umfangreiche Auswahl an Liedern, Trauspr\u00fcchen und Segen.<\/li>\n<li>Verschiedene Variationen des Eheversprechens.<\/li>\n<li>Eure individuelle Hochzeitsrede.<\/li>\n<li>Individuelle Trau-Zeremonie mit Ringe-Tausch und Trau-Spruch.<\/li>\n<li>Finaler Ablaufcheck etwa eine Woche vor der Hochzeit.<\/li>\n<\/ul>\n<p><strong>928,00 EUR inkl. gesetzl. MwSt.<br \/><\/strong>zzgl. 0,50 EUR\/km f\u00fcr Fahrten au\u00dferhalb von Stadtgebiet Konstanz<\/p>\n<p>[\/et_pb_accordion_item][et_pb_accordion_item title=&#8220;Eure Trauung \u201eDie Unvergessliche\u201c&#8220; _builder_version=&#8220;4.13.0&#8243; _module_preset=&#8220;default&#8220; global_colors_info=&#8220;{}&#8220; open=&#8220;off&#8220;]<\/p>\n<ul>\n<li>Unverbindliches Kennenlernen in Konstanz oder via Skype\/Zoom<\/li>\n<li>Zwei Gespr\u00e4che, in denen ihr von euch, eurer Liebe und euren Zielen erz\u00e4hlt. Und nat\u00fcrlich besprechen wir ausf\u00fchrlich die Trauzeremonie.<\/li>\n<li>Abstimmen mit Fotografen und Wedding-Planer<\/li>\n<li>Inspiration und Anregungen f\u00fcr euer Eheversprechen und gesamten Ablauf<\/li>\n<li>Leitfaden vorab zur optimalen Vorbereitung<\/li>\n<li>Mindmap f\u00fcr eure Trauung<\/li>\n<li>Gro\u00dfe Liedauswahl an deutschen\/englischen\/italienischen und weiterer Songs<\/li>\n<li>Gro\u00dfe Liedauswahl an klassischen und modernen St\u00fccken<\/li>\n<li>Umfangreiche Auswahl an Trauspr\u00fcchen und Segen<\/li>\n<li>Verschiedene Variationen des Eheversprechens<\/li>\n<li>Eure individuelle Hochzeitsrede<\/li>\n<li>Individuelle Trau-Zeremonie mit Ringe-Tausch und Trau-Spruch<\/li>\n<li>Finaler Ablaufcheck etwa eine Woche vor der Trauung<\/li>\n<\/ul>\n<p><strong>1.340,00 EUR inkl. gesetzl. MwSt.<\/strong><br \/>zzgl. 0,50 EUR\/km f\u00fcr Fahrten au\u00dferhalb von Stadtgebiet Konstanz<\/p>\n<p>[\/et_pb_accordion_item][et_pb_accordion_item title=&#8220;Verlobungsfeier und Ja-Wort-Erneuerung&#8220; _builder_version=&#8220;4.13.0&#8243; _module_preset=&#8220;default&#8220; hover_enabled=&#8220;0&#8243; global_colors_info=&#8220;{}&#8220; open=&#8220;off&#8220; sticky_enabled=&#8220;0&#8243;]<\/p>\n<ul>\n<li>Unverbindliches Kennenlernen in Konstanz oder via Skype\/Zoom<\/li>\n<li>Ein pers\u00f6nliches Gespr\u00e4ch, in dem ihr mir von eurer Geschichte und euren Zielen erz\u00e4hlt.<\/li>\n<li>Eure individuelle Rede<\/li>\n<\/ul>\n<p><strong>674,00 EUR inkl. gesetzl. MwSt.<\/strong><br \/>zzgl. 0,50 EUR\/km f\u00fcr Fahrten au\u00dferhalb von Stadtgebiet Konstanz<\/p>\n<p>[\/et_pb_accordion_item][et_pb_accordion_item title=&#8220;Zus\u00e4tzliche Optionen&#8220; _builder_version=&#8220;4.13.0&#8243; _module_preset=&#8220;default&#8220; global_colors_info=&#8220;{}&#8220; open=&#8220;off&#8220;]<\/p>\n<table style=\"border-collapse: collapse; width: 100%; height: 144px;\" border=\"0\">\n<tbody>\n<tr style=\"height: 48px;\">\n<td style=\"width: 50%; height: 48px;\">Trauurkunde mit echtem Siegelwachs<\/td>\n<td style=\"width: 50%; height: 48px;\">29,00 EUR<\/td>\n<\/tr>\n<tr style=\"height: 24px;\">\n<td style=\"width: 50%; height: 24px;\">Videolivemitschnitt von Rede und Trauzeremonie, inkl. USB2-Stick<\/td>\n<td style=\"width: 50%; height: 24px;\">94,00 EUR<\/td>\n<\/tr>\n<tr style=\"height: 24px;\">\n<td style=\"width: 50%; height: 24px;\">Traurede gebunden (Spiralbindung) mit 5 Bildern eurer Wahl<\/td>\n<td style=\"width: 50%; height: 24px;\">35,00 EUR<br \/>(Staffelpreise bei Mehrbestellung)<\/td>\n<\/tr>\n<tr style=\"height: 24px;\">\n<td style=\"width: 50%; height: 24px;\">Trauung in weiterer Sprache EN\/IT\/RUS\/PL<\/td>\n<td style=\"width: 50%; height: 24px;\">367,00 EUR<\/td>\n<\/tr>\n<tr style=\"height: 24px;\">\n<td style=\"width: 50%; height: 24px;\">Edle Traukissen, handgefertigt, verschiedene Designs<\/td>\n<td style=\"width: 50%; height: 24px;\">ab 49,90 EUR<br \/>(sch\u00f6ne Erinnerung, Deko-Kissen, 50 % geht in den Tierschutz)<\/td>\n<\/tr>\n<\/tbody>\n<\/table>\n<p>Alle Preise verstehen sich inkl. gesetzlicher MwSt.<\/p>\n<p>[\/et_pb_accordion_item][\/et_pb_accordion][\/et_pb_column][\/et_pb_row][\/et_pb_section]<\/p>\n","protected":false},"excerpt":{"rendered":"<p>Beinhaltet alle Leistungen der \u201eUnvergesslichen\u201c sowie eure individuellen Vorstellungen. Lasst uns dar\u00fcber reden und ich erstelle ein unverbindliches Angebot. Unverbindliches Kennenlernen in Konstanz oder via Skype\/Zoom. Ein Gespr\u00e4ch, in denen ihr von euch, eurer Liebe und euren Zielen erz\u00e4hlt. Und nat\u00fcrlich besprechen wir ausf\u00fchrlich die Trauzeremonie. Inspiration und Anregungen f\u00fcr euer Eheversprechen und gesamten Ablauf. [&hellip;]<\/p>\n","protected":false},"author":1,"featured_media":0,"parent":0,"menu_order":0,"comment_status":"closed","ping_status":"closed","template":"","meta":{"_et_pb_use_builder":"on","_et_pb_old_content":"","_et_gb_content_width":"","footnotes":""},"class_list":["post-257","page","type-page","status-publish","hentry"],"_links":{"self":[{"href":"https:\/\/hochzeitsreden-bodensee.com\/index.php?rest_route=\/wp\/v2\/pages\/257","targetHints":{"allow":["GET"]}}],"collection":[{"href":"https:\/\/hochzeitsreden-bodensee.com\/index.php?rest_route=\/wp\/v2\/pages"}],"about":[{"href":"https:\/\/hochzeitsreden-bodensee.com\/index.php?rest_route=\/wp\/v2\/types\/page"}],"author":[{"embeddable":true,"href":"https:\/\/hochzeitsreden-bodensee.com\/index.php?rest_route=\/wp\/v2\/users\/1"}],"replies":[{"embeddable":true,"href":"https:\/\/hochzeitsreden-bodensee.com\/index.php?rest_route=%2Fwp%2Fv2%2Fcomments&post=257"}],"version-history":[{"count":7,"href":"https:\/\/hochzeitsreden-bodensee.com\/index.php?rest_route=\/wp\/v2\/pages\/257\/revisions"}],"predecessor-version":[{"id":370,"href":"https:\/\/hochzeitsreden-bodensee.com\/index.php?rest_route=\/wp\/v2\/pages\/257\/revisions\/370"}],"wp:attachment":[{"href":"https:\/\/hochzeitsreden-bodensee.com\/index.php?rest_route=%2Fwp%2Fv2%2Fmedia&parent=257"}],"curies":[{"name":"wp","href":"https:\/\/api.w.org\/{rel}","templated":true}]}}